{"id":6552,"date":"2026-03-20T13:02:00","date_gmt":"2026-03-20T12:02:00","guid":{"rendered":"https:\/\/rau.bayern\/fabricante-de-barreras-acusticas-karlsfeld-rau-bayern\/"},"modified":"2026-04-07T14:50:45","modified_gmt":"2026-04-07T12:50:45","slug":"fabricante-de-barreras-acusticas-karlsfeld-rau-bayern","status":"publish","type":"page","link":"https:\/\/rau.bayern\/es\/fabricante-de-barreras-acusticas-karlsfeld-rau-bayern\/","title":{"rendered":"Fabricante de barreras ac\u00fasticas Karlsfeld &#8211; RAU.bayern"},"content":{"rendered":"","protected":false},"excerpt":{"rendered":"","protected":false},"author":1,"featured_media":0,"parent":0,"menu_order":0,"comment_status":"open","ping_status":"open","template":"","meta":{"_acf_changed":false,"footnotes":""},"seiten-kategorie":[46],"class_list":["post-6552","page","type-page","status-publish","hentry","seiten-kategorie-standorte"],"acf":[],"yoast_head":"<!-- This site is optimized with the Yoast SEO plugin v27.1.1 - https:\/\/yoast.com\/product\/yoast-seo-wordpress\/ -->\n<title>Fabricante de barreras ac\u00fasticas Karlsfeld - RAU.bayern - RAU.bayern - Begr\u00fcnte L\u00e4rmschutzw\u00e4nde<\/title>\n<meta name=\"robots\" content=\"index, follow, max-snippet:-1, max-image-preview:large, max-video-preview:-1\" \/>\n<link rel=\"canonical\" href=\"https:\/\/rau.bayern\/es\/fabricante-de-barreras-acusticas-karlsfeld-rau-bayern\/\" \/>\n<meta property=\"og:locale\" content=\"es_ES\" \/>\n<meta property=\"og:type\" content=\"article\" \/>\n<meta property=\"og:title\" content=\"Fabricante de barreras ac\u00fasticas Karlsfeld - RAU.bayern - RAU.bayern - Begr\u00fcnte L\u00e4rmschutzw\u00e4nde\" \/>\n<meta property=\"og:url\" content=\"https:\/\/rau.bayern\/es\/fabricante-de-barreras-acusticas-karlsfeld-rau-bayern\/\" \/>\n<meta property=\"og:site_name\" content=\"RAU.bayern - Begr\u00fcnte L\u00e4rmschutzw\u00e4nde\" \/>\n<meta property=\"article:modified_time\" content=\"2026-04-07T12:50:45+00:00\" \/>\n<meta name=\"twitter:card\" content=\"summary_large_image\" \/>\n<script type=\"application\/ld+json\" class=\"yoast-schema-graph\">{\"@context\":\"https:\/\/schema.org\",\"@graph\":[{\"@type\":\"WebPage\",\"@id\":\"https:\/\/rau.bayern\/es\/fabricante-de-barreras-acusticas-karlsfeld-rau-bayern\/\",\"url\":\"https:\/\/rau.bayern\/es\/fabricante-de-barreras-acusticas-karlsfeld-rau-bayern\/\",\"name\":\"Fabricante de barreras ac\u00fasticas Karlsfeld - RAU.bayern - RAU.bayern - Begr\u00fcnte L\u00e4rmschutzw\u00e4nde\",\"isPartOf\":{\"@id\":\"https:\/\/rau.bayern\/es\/#website\"},\"datePublished\":\"2026-03-20T12:02:00+00:00\",\"dateModified\":\"2026-04-07T12:50:45+00:00\",\"breadcrumb\":{\"@id\":\"https:\/\/rau.bayern\/es\/fabricante-de-barreras-acusticas-karlsfeld-rau-bayern\/#breadcrumb\"},\"inLanguage\":\"es\",\"potentialAction\":[{\"@type\":\"ReadAction\",\"target\":[\"https:\/\/rau.bayern\/es\/fabricante-de-barreras-acusticas-karlsfeld-rau-bayern\/\"]}]},{\"@type\":\"BreadcrumbList\",\"@id\":\"https:\/\/rau.bayern\/es\/fabricante-de-barreras-acusticas-karlsfeld-rau-bayern\/#breadcrumb\",\"itemListElement\":[{\"@type\":\"ListItem\",\"position\":1,\"name\":\"Start\",\"item\":\"https:\/\/rau.bayern\/es\/\"},{\"@type\":\"ListItem\",\"position\":2,\"name\":\"Fabricante de barreras ac\u00fasticas Karlsfeld &#8211; RAU.bayern\"}]},{\"@type\":\"WebSite\",\"@id\":\"https:\/\/rau.bayern\/es\/#website\",\"url\":\"https:\/\/rau.bayern\/es\/\",\"name\":\"RAU.bayern - Begr\u00fcnte L\u00e4rmschutzw\u00e4nde in Bayern\",\"description\":\"\",\"potentialAction\":[{\"@type\":\"SearchAction\",\"target\":{\"@type\":\"EntryPoint\",\"urlTemplate\":\"https:\/\/rau.bayern\/es\/?s={search_term_string}\"},\"query-input\":{\"@type\":\"PropertyValueSpecification\",\"valueRequired\":true,\"valueName\":\"search_term_string\"}}],\"inLanguage\":\"es\"}]}<\/script>\n<!-- \/ Yoast SEO plugin. -->","yoast_head_json":{"title":"Fabricante de barreras ac\u00fasticas Karlsfeld - RAU.bayern - RAU.bayern - Begr\u00fcnte L\u00e4rmschutzw\u00e4nde","robots":{"index":"index","follow":"follow","max-snippet":"max-snippet:-1","max-image-preview":"max-image-preview:large","max-video-preview":"max-video-preview:-1"},"canonical":"https:\/\/rau.bayern\/es\/fabricante-de-barreras-acusticas-karlsfeld-rau-bayern\/","og_locale":"es_ES","og_type":"article","og_title":"Fabricante de barreras ac\u00fasticas Karlsfeld - RAU.bayern - RAU.bayern - Begr\u00fcnte L\u00e4rmschutzw\u00e4nde","og_url":"https:\/\/rau.bayern\/es\/fabricante-de-barreras-acusticas-karlsfeld-rau-bayern\/","og_site_name":"RAU.bayern - Begr\u00fcnte L\u00e4rmschutzw\u00e4nde","article_modified_time":"2026-04-07T12:50:45+00:00","twitter_card":"summary_large_image","schema":{"@context":"https:\/\/schema.org","@graph":[{"@type":"WebPage","@id":"https:\/\/rau.bayern\/es\/fabricante-de-barreras-acusticas-karlsfeld-rau-bayern\/","url":"https:\/\/rau.bayern\/es\/fabricante-de-barreras-acusticas-karlsfeld-rau-bayern\/","name":"Fabricante de barreras ac\u00fasticas Karlsfeld - RAU.bayern - RAU.bayern - Begr\u00fcnte L\u00e4rmschutzw\u00e4nde","isPartOf":{"@id":"https:\/\/rau.bayern\/es\/#website"},"datePublished":"2026-03-20T12:02:00+00:00","dateModified":"2026-04-07T12:50:45+00:00","breadcrumb":{"@id":"https:\/\/rau.bayern\/es\/fabricante-de-barreras-acusticas-karlsfeld-rau-bayern\/#breadcrumb"},"inLanguage":"es","potentialAction":[{"@type":"ReadAction","target":["https:\/\/rau.bayern\/es\/fabricante-de-barreras-acusticas-karlsfeld-rau-bayern\/"]}]},{"@type":"BreadcrumbList","@id":"https:\/\/rau.bayern\/es\/fabricante-de-barreras-acusticas-karlsfeld-rau-bayern\/#breadcrumb","itemListElement":[{"@type":"ListItem","position":1,"name":"Start","item":"https:\/\/rau.bayern\/es\/"},{"@type":"ListItem","position":2,"name":"Fabricante de barreras ac\u00fasticas Karlsfeld &#8211; RAU.bayern"}]},{"@type":"WebSite","@id":"https:\/\/rau.bayern\/es\/#website","url":"https:\/\/rau.bayern\/es\/","name":"RAU.bayern - Begr\u00fcnte L\u00e4rmschutzw\u00e4nde in Bayern","description":"","potentialAction":[{"@type":"SearchAction","target":{"@type":"EntryPoint","urlTemplate":"https:\/\/rau.bayern\/es\/?s={search_term_string}"},"query-input":{"@type":"PropertyValueSpecification","valueRequired":true,"valueName":"search_term_string"}}],"inLanguage":"es"}]}},"_links":{"self":[{"href":"https:\/\/rau.bayern\/es\/wp-json\/wp\/v2\/pages\/6552","targetHints":{"allow":["GET"]}}],"collection":[{"href":"https:\/\/rau.bayern\/es\/wp-json\/wp\/v2\/pages"}],"about":[{"href":"https:\/\/rau.bayern\/es\/wp-json\/wp\/v2\/types\/page"}],"author":[{"embeddable":true,"href":"https:\/\/rau.bayern\/es\/wp-json\/wp\/v2\/users\/1"}],"replies":[{"embeddable":true,"href":"https:\/\/rau.bayern\/es\/wp-json\/wp\/v2\/comments?post=6552"}],"version-history":[{"count":1,"href":"https:\/\/rau.bayern\/es\/wp-json\/wp\/v2\/pages\/6552\/revisions"}],"predecessor-version":[{"id":7498,"href":"https:\/\/rau.bayern\/es\/wp-json\/wp\/v2\/pages\/6552\/revisions\/7498"}],"wp:attachment":[{"href":"https:\/\/rau.bayern\/es\/wp-json\/wp\/v2\/media?parent=6552"}],"wp:term":[{"taxonomy":"seiten-kategorie","embeddable":true,"href":"https:\/\/rau.bayern\/es\/wp-json\/wp\/v2\/seiten-kategorie?post=6552"}],"curies":[{"name":"wp","href":"https:\/\/api.w.org\/{rel}","templated":true}]}}