{"id":5065,"date":"2026-03-13T12:42:44","date_gmt":"2026-03-13T11:42:44","guid":{"rendered":"https:\/\/rau.bayern\/pie-de-imprenta\/"},"modified":"2026-03-25T14:01:08","modified_gmt":"2026-03-25T13:01:08","slug":"pie-de-imprenta","status":"publish","type":"page","link":"https:\/\/rau.bayern\/es\/pie-de-imprenta\/","title":{"rendered":"Pie de imprenta"},"content":{"rendered":"<p><div class=\"fusion-fullwidth fullwidth-box fusion-builder-row-1 fusion-flex-container has-pattern-background has-mask-background nonhundred-percent-fullwidth non-hundred-percent-height-scrolling\" style=\"--awb-border-radius-top-left:0px;--awb-border-radius-top-right:0px;--awb-border-radius-bottom-right:0px;--awb-border-radius-bottom-left:0px;--awb-flex-wrap:wrap;\" ><div class=\"fusion-builder-row fusion-row fusion-flex-align-items-flex-start fusion-flex-content-wrap\" style=\"max-width:1372.8px;margin-left: calc(-4% \/ 2 );margin-right: calc(-4% \/ 2 );\"><div class=\"fusion-layout-column fusion_builder_column fusion-builder-column-0 fusion_builder_column_1_1 1_1 fusion-flex-column\" style=\"--awb-overflow:hidden;--awb-bg-size:cover;--awb-border-radius:0px 0px 0px 50px;--awb-width-large:100%;--awb-margin-top-large:0px;--awb-spacing-right-large:1.92%;--awb-margin-bottom-large:20px;--awb-spacing-left-large:1.92%;--awb-width-medium:100%;--awb-order-medium:0;--awb-spacing-right-medium:1.92%;--awb-spacing-left-medium:1.92%;--awb-width-small:100%;--awb-order-small:0;--awb-spacing-right-small:1.92%;--awb-spacing-left-small:1.92%;\" data-scroll-devices=\"small-visibility,medium-visibility,large-visibility\"><div class=\"fusion-column-wrapper fusion-column-has-shadow fusion-flex-justify-content-flex-start fusion-content-layout-column\"><div class=\"fusion-image-element \" style=\"--awb-aspect-ratio:3 \/ 1;--awb-object-position:50% 63%;--awb-caption-title-font-family:var(--h2_typography-font-family);--awb-caption-title-font-weight:var(--h2_typography-font-weight);--awb-caption-title-font-style:var(--h2_typography-font-style);--awb-caption-title-size:var(--h2_typography-font-size);--awb-caption-title-transform:var(--h2_typography-text-transform);--awb-caption-title-line-height:var(--h2_typography-line-height);--awb-caption-title-letter-spacing:var(--h2_typography-letter-spacing);\"><span class=\" fusion-imageframe imageframe-none imageframe-1 hover-type-none has-aspect-ratio\"><img decoding=\"async\" width=\"2000\" height=\"953\" title=\"header_bg\" src=\"https:\/\/rau.bayern\/wp-content\/uploads\/2026\/03\/header_bg.jpg\" data-orig-src=\"https:\/\/rau.bayern\/wp-content\/uploads\/2026\/03\/header_bg.jpg\" class=\"lazyload img-responsive wp-image-5000 img-with-aspect-ratio\" data-parent-fit=\"cover\" data-parent-container=\".fusion-image-element\" alt srcset=\"data:image\/svg+xml,%3Csvg%20xmlns%3D%27http%3A%2F%2Fwww.w3.org%2F2000%2Fsvg%27%20width%3D%272000%27%20height%3D%27953%27%20viewBox%3D%270%200%202000%20953%27%3E%3Crect%20width%3D%272000%27%20height%3D%27953%27%20fill-opacity%3D%220%22%2F%3E%3C%2Fsvg%3E\" data-srcset=\"https:\/\/rau.bayern\/wp-content\/uploads\/2026\/03\/header_bg-200x95.jpg 200w, https:\/\/rau.bayern\/wp-content\/uploads\/2026\/03\/header_bg-400x191.jpg 400w, https:\/\/rau.bayern\/wp-content\/uploads\/2026\/03\/header_bg-600x286.jpg 600w, https:\/\/rau.bayern\/wp-content\/uploads\/2026\/03\/header_bg-800x381.jpg 800w, https:\/\/rau.bayern\/wp-content\/uploads\/2026\/03\/header_bg-1200x572.jpg 1200w, https:\/\/rau.bayern\/wp-content\/uploads\/2026\/03\/header_bg.jpg 2000w\" data-sizes=\"auto\" data-orig-sizes=\"(max-width: 850px) 100vw, 2000px\" \/><\/span><\/div><\/div><\/div><\/div><\/div><div class=\"fusion-fullwidth fullwidth-box fusion-builder-row-2 fusion-flex-container has-pattern-background has-mask-background nonhundred-percent-fullwidth non-hundred-percent-height-scrolling\" style=\"--awb-border-radius-top-left:0px;--awb-border-radius-top-right:0px;--awb-border-radius-bottom-right:0px;--awb-border-radius-bottom-left:0px;--awb-margin-bottom:80px;--awb-margin-bottom-medium:60px;--awb-margin-bottom-small:40px;--awb-flex-wrap:wrap;\" ><div class=\"fusion-builder-row fusion-row fusion-flex-align-items-flex-start fusion-flex-content-wrap\" style=\"max-width:1372.8px;margin-left: calc(-4% \/ 2 );margin-right: calc(-4% \/ 2 );\"><div class=\"fusion-layout-column fusion_builder_column fusion-builder-column-1 fusion_builder_column_1_1 1_1 fusion-flex-column\" style=\"--awb-bg-size:cover;--awb-width-large:100%;--awb-margin-top-large:0px;--awb-spacing-right-large:1.92%;--awb-margin-bottom-large:20px;--awb-spacing-left-large:1.92%;--awb-width-medium:100%;--awb-order-medium:0;--awb-spacing-right-medium:1.92%;--awb-spacing-left-medium:1.92%;--awb-width-small:100%;--awb-order-small:0;--awb-spacing-right-small:1.92%;--awb-spacing-left-small:1.92%;\"><div class=\"fusion-column-wrapper fusion-column-has-shadow fusion-flex-justify-content-flex-start fusion-content-layout-column\"><div class=\"fusion-title title fusion-title-1 fusion-sep-none fusion-title-text fusion-title-size-one\" style=\"--awb-margin-top:20px;\"><h1 class=\"fusion-title-heading title-heading-left fusion-responsive-typography-calculated\" style=\"margin:0;--fontSize:56;line-height:var(--awb-typography1-line-height);\">Pie de imprenta<span style=\"color: #da0812;\">.<\/span><\/h1><\/div><div class=\"fusion-title title fusion-title-2 fusion-sep-none fusion-title-text fusion-title-size-two\" style=\"--awb-margin-bottom:25px;\"><h2 class=\"fusion-title-heading title-heading-left fusion-responsive-typography-calculated\" style=\"margin:0;--fontSize:44;line-height:var(--awb-custom_typography_1-line-height);\">Nuestra informaci\u00f3n legal<\/h2><\/div><\/div><\/div><\/div><\/div><div class=\"fusion-fullwidth fullwidth-box fusion-builder-row-3 fusion-flex-container has-pattern-background has-mask-background nonhundred-percent-fullwidth non-hundred-percent-height-scrolling\" style=\"--awb-border-radius-top-left:0px;--awb-border-radius-top-right:0px;--awb-border-radius-bottom-right:0px;--awb-border-radius-bottom-left:0px;--awb-flex-wrap:wrap;\" ><div class=\"fusion-builder-row fusion-row fusion-flex-align-items-flex-start fusion-flex-content-wrap\" style=\"max-width:1372.8px;margin-left: calc(-4% \/ 2 );margin-right: calc(-4% \/ 2 );\"><div class=\"fusion-layout-column fusion_builder_column fusion-builder-column-2 fusion_builder_column_1_1 1_1 fusion-flex-column\" style=\"--awb-bg-size:cover;--awb-width-large:100%;--awb-margin-top-large:0px;--awb-spacing-right-large:1.92%;--awb-margin-bottom-large:20px;--awb-spacing-left-large:1.92%;--awb-width-medium:100%;--awb-order-medium:0;--awb-spacing-right-medium:1.92%;--awb-spacing-left-medium:1.92%;--awb-width-small:100%;--awb-order-small:0;--awb-spacing-right-small:1.92%;--awb-spacing-left-small:1.92%;\"><div class=\"fusion-column-wrapper fusion-column-has-shadow fusion-flex-justify-content-flex-start fusion-content-layout-column\"><div class=\"fusion-text fusion-text-1\"><h3>Rau Geosystem S\u00fcd GmbH<\/h3>\n<p>Am Riederloh 28<\/p>\n<p>D-87600 Kaufbeuren<\/p>\n<p>Tel.  <a href=\"tel:+4983419957180\">+49 (0)8341 &#8211; 995 71 80<\/a><\/p>\n<p>Fax +49 (0)8341 &#8211; 995 71 82<\/p>\n<p>Correo electr\u00f3nico: <a href=\"mailto:info@rau.bayern\">info@rau.bayern<br \/>\n<\/a><\/p>\n<h3>Director General<\/h3>\n<p>Erwin K\u00f6nigsberger<\/p>\n<h3>Inscripci\u00f3n en el registro mercantil<\/h3>\n<p>Registrado en el Juzgado de Primera Instancia de Kempten<\/p>\n<p>HRB n\u00ba: 10549<\/p>\n<h3>N\u00famero de IVA<\/h3>\n<p>DE270028106<\/p>\n<h3>Editorialmente responsable<\/h3>\n<p>Erwin K\u00f6nigsberger<\/p>\n<p>Am Riederloh 28<\/p>\n<p>87600 Kaufbeuren<\/p>\n<h3>Resoluci\u00f3n de litigios en la UE<\/h3>\n<p>La Comisi\u00f3n Europea ofrece una plataforma para la resoluci\u00f3n de litigios en l\u00ednea (OS):  <a href=\"https:\/\/ec.europa.eu\/consumers\/odr\/\" target=\"_blank\" rel=\"noopener noreferrer\">https:\/\/ec.europa.eu\/consumers\/odr\/<br \/>\n<\/a><\/p>\n<p>Puedes encontrar nuestra direcci\u00f3n de correo electr\u00f3nico en el aviso legal anterior.<\/p>\n<h3>Resoluci\u00f3n de litigios en materia de consumo \/ centro de arbitraje universal<\/h3>\n<p>No estamos dispuestos ni obligados a participar en procedimientos de resoluci\u00f3n de litigios ante una junta de arbitraje de consumo.<\/p>\n<h3>Responsabilidad por el contenido<\/h3>\n<p>El contenido de nuestras p\u00e1ginas se ha creado con el mayor cuidado. Sin embargo, no podemos asumir ninguna responsabilidad por la exactitud, integridad y actualidad del contenido. Como proveedor de servicios, somos responsables de nuestro propio contenido en estas p\u00e1ginas, de acuerdo con la Secci\u00f3n 7 (1) TMG (Ley alemana de Telemedia) y la legislaci\u00f3n general. Sin embargo, seg\u00fan los \u00a7\u00a7 8 a 10 de la TMG, como proveedor de servicios no estamos obligados a controlar la informaci\u00f3n de terceros transmitida o almacenada, ni a investigar circunstancias que indiquen una actividad ilegal. Esto no afecta a las obligaciones de eliminar o bloquear el uso de informaci\u00f3n de acuerdo con la legislaci\u00f3n general. Sin embargo, la responsabilidad a este respecto s\u00f3lo es posible a partir del momento en que se tiene conocimiento de una infracci\u00f3n concreta. Tan pronto como tengamos conocimiento de tales infracciones, eliminaremos este contenido inmediatamente.       <\/p>\n<h3>Responsabilidad de los enlaces<\/h3>\n<p>Nuestro sitio web contiene enlaces a sitios web externos de terceros sobre cuyo contenido no tenemos ninguna influencia. Por lo tanto, no podemos aceptar ninguna responsabilidad por este contenido de terceros. El respectivo proveedor u operador de las p\u00e1ginas es siempre responsable del contenido de las p\u00e1ginas enlazadas. Las p\u00e1ginas enlazadas se comprobaron en el momento de enlazarlas para detectar posibles infracciones legales. No se detectaron contenidos ilegales en el momento de establecer el enlace. Sin embargo, la supervisi\u00f3n permanente del contenido de las p\u00e1ginas enlazadas no es razonable sin pruebas concretas de una infracci\u00f3n. Si tenemos conocimiento de alguna infracci\u00f3n legal, eliminaremos dichos enlaces inmediatamente.      <\/p>\n<h3>Derechos de autor<\/h3>\n<p>El contenido y las obras creadas por los operadores del sitio en estas p\u00e1ginas est\u00e1n sujetos a la legislaci\u00f3n alemana sobre derechos de autor. La reproducci\u00f3n, edici\u00f3n, distribuci\u00f3n y cualquier tipo de utilizaci\u00f3n fuera de los l\u00edmites de la ley de derechos de autor requieren el consentimiento por escrito del respectivo autor o creador. Las descargas y copias de este sitio s\u00f3lo est\u00e1n permitidas para uso privado y no comercial. En la medida en que el contenido de este sitio no haya sido creado por el operador, se respetan los derechos de autor de terceros. En particular, el contenido de terceros est\u00e1 etiquetado como tal. No obstante, si tuvieras conocimiento de una infracci\u00f3n de los derechos de autor, te rogamos que nos lo comuniques. Si tenemos conocimiento de alguna infracci\u00f3n, eliminaremos dicho contenido inmediatamente.      <\/p>\n<h3>Dise\u00f1o y realizaci\u00f3n del sitio web<\/h3>\n<p><a href=\"https:\/\/allgaeu-solution.de\/\" target=\"_blank\" rel=\"noopener\">Allg\u00e4u Solution GmbH<\/a><\/p>\n<\/div><\/div><\/div><\/div><\/div><\/p>\n","protected":false},"excerpt":{"rendered":"","protected":false},"author":1,"featured_media":0,"parent":0,"menu_order":0,"comment_status":"closed","ping_status":"open","template":"","meta":{"_acf_changed":false,"footnotes":""},"seiten-kategorie":[47],"class_list":["post-5065","page","type-page","status-publish","hentry","seiten-kategorie-standard"],"acf":[],"yoast_head":"<!-- This site is optimized with the Yoast SEO plugin v27.1.1 - https:\/\/yoast.com\/product\/yoast-seo-wordpress\/ -->\n<title>Pie de imprenta - RAU.bayern - Begr\u00fcnte L\u00e4rmschutzw\u00e4nde<\/title>\n<meta name=\"robots\" content=\"index, follow, max-snippet:-1, max-image-preview:large, max-video-preview:-1\" \/>\n<link rel=\"canonical\" href=\"https:\/\/rau.bayern\/es\/pie-de-imprenta\/\" \/>\n<meta property=\"og:locale\" content=\"es_ES\" \/>\n<meta property=\"og:type\" content=\"article\" \/>\n<meta property=\"og:title\" content=\"Pie de imprenta - RAU.bayern - Begr\u00fcnte L\u00e4rmschutzw\u00e4nde\" \/>\n<meta property=\"og:url\" content=\"https:\/\/rau.bayern\/es\/pie-de-imprenta\/\" \/>\n<meta property=\"og:site_name\" content=\"RAU.bayern - Begr\u00fcnte L\u00e4rmschutzw\u00e4nde\" \/>\n<meta property=\"article:modified_time\" content=\"2026-03-25T13:01:08+00:00\" \/>\n<meta name=\"twitter:card\" content=\"summary_large_image\" \/>\n<script type=\"application\/ld+json\" class=\"yoast-schema-graph\">{\"@context\":\"https:\/\/schema.org\",\"@graph\":[{\"@type\":\"WebPage\",\"@id\":\"https:\/\/rau.bayern\/es\/pie-de-imprenta\/\",\"url\":\"https:\/\/rau.bayern\/es\/pie-de-imprenta\/\",\"name\":\"Pie de imprenta - RAU.bayern - Begr\u00fcnte L\u00e4rmschutzw\u00e4nde\",\"isPartOf\":{\"@id\":\"https:\/\/rau.bayern\/es\/#website\"},\"datePublished\":\"2026-03-13T11:42:44+00:00\",\"dateModified\":\"2026-03-25T13:01:08+00:00\",\"breadcrumb\":{\"@id\":\"https:\/\/rau.bayern\/es\/pie-de-imprenta\/#breadcrumb\"},\"inLanguage\":\"es\",\"potentialAction\":[{\"@type\":\"ReadAction\",\"target\":[\"https:\/\/rau.bayern\/es\/pie-de-imprenta\/\"]}]},{\"@type\":\"BreadcrumbList\",\"@id\":\"https:\/\/rau.bayern\/es\/pie-de-imprenta\/#breadcrumb\",\"itemListElement\":[{\"@type\":\"ListItem\",\"position\":1,\"name\":\"Start\",\"item\":\"https:\/\/rau.bayern\/es\/\"},{\"@type\":\"ListItem\",\"position\":2,\"name\":\"Pie de imprenta\"}]},{\"@type\":\"WebSite\",\"@id\":\"https:\/\/rau.bayern\/es\/#website\",\"url\":\"https:\/\/rau.bayern\/es\/\",\"name\":\"RAU.bayern - Begr\u00fcnte L\u00e4rmschutzw\u00e4nde in Bayern\",\"description\":\"\",\"potentialAction\":[{\"@type\":\"SearchAction\",\"target\":{\"@type\":\"EntryPoint\",\"urlTemplate\":\"https:\/\/rau.bayern\/es\/?s={search_term_string}\"},\"query-input\":{\"@type\":\"PropertyValueSpecification\",\"valueRequired\":true,\"valueName\":\"search_term_string\"}}],\"inLanguage\":\"es\"}]}<\/script>\n<!-- \/ Yoast SEO plugin. -->","yoast_head_json":{"title":"Pie de imprenta - RAU.bayern - Begr\u00fcnte L\u00e4rmschutzw\u00e4nde","robots":{"index":"index","follow":"follow","max-snippet":"max-snippet:-1","max-image-preview":"max-image-preview:large","max-video-preview":"max-video-preview:-1"},"canonical":"https:\/\/rau.bayern\/es\/pie-de-imprenta\/","og_locale":"es_ES","og_type":"article","og_title":"Pie de imprenta - RAU.bayern - Begr\u00fcnte L\u00e4rmschutzw\u00e4nde","og_url":"https:\/\/rau.bayern\/es\/pie-de-imprenta\/","og_site_name":"RAU.bayern - Begr\u00fcnte L\u00e4rmschutzw\u00e4nde","article_modified_time":"2026-03-25T13:01:08+00:00","twitter_card":"summary_large_image","schema":{"@context":"https:\/\/schema.org","@graph":[{"@type":"WebPage","@id":"https:\/\/rau.bayern\/es\/pie-de-imprenta\/","url":"https:\/\/rau.bayern\/es\/pie-de-imprenta\/","name":"Pie de imprenta - RAU.bayern - Begr\u00fcnte L\u00e4rmschutzw\u00e4nde","isPartOf":{"@id":"https:\/\/rau.bayern\/es\/#website"},"datePublished":"2026-03-13T11:42:44+00:00","dateModified":"2026-03-25T13:01:08+00:00","breadcrumb":{"@id":"https:\/\/rau.bayern\/es\/pie-de-imprenta\/#breadcrumb"},"inLanguage":"es","potentialAction":[{"@type":"ReadAction","target":["https:\/\/rau.bayern\/es\/pie-de-imprenta\/"]}]},{"@type":"BreadcrumbList","@id":"https:\/\/rau.bayern\/es\/pie-de-imprenta\/#breadcrumb","itemListElement":[{"@type":"ListItem","position":1,"name":"Start","item":"https:\/\/rau.bayern\/es\/"},{"@type":"ListItem","position":2,"name":"Pie de imprenta"}]},{"@type":"WebSite","@id":"https:\/\/rau.bayern\/es\/#website","url":"https:\/\/rau.bayern\/es\/","name":"RAU.bayern - Begr\u00fcnte L\u00e4rmschutzw\u00e4nde in Bayern","description":"","potentialAction":[{"@type":"SearchAction","target":{"@type":"EntryPoint","urlTemplate":"https:\/\/rau.bayern\/es\/?s={search_term_string}"},"query-input":{"@type":"PropertyValueSpecification","valueRequired":true,"valueName":"search_term_string"}}],"inLanguage":"es"}]}},"_links":{"self":[{"href":"https:\/\/rau.bayern\/es\/wp-json\/wp\/v2\/pages\/5065","targetHints":{"allow":["GET"]}}],"collection":[{"href":"https:\/\/rau.bayern\/es\/wp-json\/wp\/v2\/pages"}],"about":[{"href":"https:\/\/rau.bayern\/es\/wp-json\/wp\/v2\/types\/page"}],"author":[{"embeddable":true,"href":"https:\/\/rau.bayern\/es\/wp-json\/wp\/v2\/users\/1"}],"replies":[{"embeddable":true,"href":"https:\/\/rau.bayern\/es\/wp-json\/wp\/v2\/comments?post=5065"}],"version-history":[{"count":9,"href":"https:\/\/rau.bayern\/es\/wp-json\/wp\/v2\/pages\/5065\/revisions"}],"predecessor-version":[{"id":7314,"href":"https:\/\/rau.bayern\/es\/wp-json\/wp\/v2\/pages\/5065\/revisions\/7314"}],"wp:attachment":[{"href":"https:\/\/rau.bayern\/es\/wp-json\/wp\/v2\/media?parent=5065"}],"wp:term":[{"taxonomy":"seiten-kategorie","embeddable":true,"href":"https:\/\/rau.bayern\/es\/wp-json\/wp\/v2\/seiten-kategorie?post=5065"}],"curies":[{"name":"wp","href":"https:\/\/api.w.org\/{rel}","templated":true}]}}