{"id":5050,"date":"2026-03-13T12:43:15","date_gmt":"2026-03-13T11:43:15","guid":{"rendered":"https:\/\/rau.bayern\/downloads\/"},"modified":"2026-05-04T16:22:48","modified_gmt":"2026-05-04T14:22:48","slug":"downloads","status":"publish","type":"page","link":"https:\/\/rau.bayern\/en\/downloads\/","title":{"rendered":"Downloads"},"content":{"rendered":"<p><div class=\"fusion-fullwidth fullwidth-box fusion-builder-row-1 fusion-flex-container has-pattern-background has-mask-background nonhundred-percent-fullwidth non-hundred-percent-height-scrolling\" style=\"--awb-border-radius-top-left:0px;--awb-border-radius-top-right:0px;--awb-border-radius-bottom-right:0px;--awb-border-radius-bottom-left:0px;--awb-flex-wrap:wrap;\" ><div class=\"fusion-builder-row fusion-row fusion-flex-align-items-flex-start fusion-flex-content-wrap\" style=\"max-width:1372.8px;margin-left: calc(-4% \/ 2 );margin-right: calc(-4% \/ 2 );\"><div class=\"fusion-layout-column fusion_builder_column fusion-builder-column-0 fusion_builder_column_1_1 1_1 fusion-flex-column\" style=\"--awb-overflow:hidden;--awb-bg-size:cover;--awb-border-radius:0px 0px 0px 50px;--awb-width-large:100%;--awb-margin-top-large:0px;--awb-spacing-right-large:1.92%;--awb-margin-bottom-large:20px;--awb-spacing-left-large:1.92%;--awb-width-medium:100%;--awb-order-medium:0;--awb-spacing-right-medium:1.92%;--awb-spacing-left-medium:1.92%;--awb-width-small:100%;--awb-order-small:0;--awb-spacing-right-small:1.92%;--awb-spacing-left-small:1.92%;\" data-scroll-devices=\"small-visibility,medium-visibility,large-visibility\"><div class=\"fusion-column-wrapper fusion-column-has-shadow fusion-flex-justify-content-flex-start fusion-content-layout-column\"><div class=\"fusion-image-element \" style=\"--awb-aspect-ratio:3 \/ 1;--awb-object-position:50% 63%;--awb-caption-title-font-family:var(--h2_typography-font-family);--awb-caption-title-font-weight:var(--h2_typography-font-weight);--awb-caption-title-font-style:var(--h2_typography-font-style);--awb-caption-title-size:var(--h2_typography-font-size);--awb-caption-title-transform:var(--h2_typography-text-transform);--awb-caption-title-line-height:var(--h2_typography-line-height);--awb-caption-title-letter-spacing:var(--h2_typography-letter-spacing);\"><span class=\" fusion-imageframe imageframe-none imageframe-1 hover-type-none has-aspect-ratio\"><img decoding=\"async\" width=\"2000\" height=\"953\" title=\"header_bg\" src=\"https:\/\/rau.bayern\/wp-content\/uploads\/2026\/03\/header_bg.jpg\" data-orig-src=\"https:\/\/rau.bayern\/wp-content\/uploads\/2026\/03\/header_bg.jpg\" class=\"lazyload img-responsive wp-image-5021 img-with-aspect-ratio\" data-parent-fit=\"cover\" data-parent-container=\".fusion-image-element\" alt srcset=\"data:image\/svg+xml,%3Csvg%20xmlns%3D%27http%3A%2F%2Fwww.w3.org%2F2000%2Fsvg%27%20width%3D%272000%27%20height%3D%27953%27%20viewBox%3D%270%200%202000%20953%27%3E%3Crect%20width%3D%272000%27%20height%3D%27953%27%20fill-opacity%3D%220%22%2F%3E%3C%2Fsvg%3E\" data-srcset=\"https:\/\/rau.bayern\/wp-content\/uploads\/2026\/03\/header_bg-200x95.jpg 200w, https:\/\/rau.bayern\/wp-content\/uploads\/2026\/03\/header_bg-400x191.jpg 400w, https:\/\/rau.bayern\/wp-content\/uploads\/2026\/03\/header_bg-600x286.jpg 600w, https:\/\/rau.bayern\/wp-content\/uploads\/2026\/03\/header_bg-800x381.jpg 800w, https:\/\/rau.bayern\/wp-content\/uploads\/2026\/03\/header_bg-1200x572.jpg 1200w, https:\/\/rau.bayern\/wp-content\/uploads\/2026\/03\/header_bg.jpg 2000w\" data-sizes=\"auto\" data-orig-sizes=\"(max-width: 850px) 100vw, 2000px\" \/><\/span><\/div><\/div><\/div><\/div><\/div><div class=\"fusion-fullwidth fullwidth-box fusion-builder-row-2 fusion-flex-container has-pattern-background has-mask-background nonhundred-percent-fullwidth non-hundred-percent-height-scrolling\" style=\"--awb-border-radius-top-left:0px;--awb-border-radius-top-right:0px;--awb-border-radius-bottom-right:0px;--awb-border-radius-bottom-left:0px;--awb-flex-wrap:wrap;\" ><div class=\"fusion-builder-row fusion-row fusion-flex-align-items-flex-start fusion-flex-content-wrap\" style=\"max-width:1372.8px;margin-left: calc(-4% \/ 2 );margin-right: calc(-4% \/ 2 );\"><div class=\"fusion-layout-column fusion_builder_column fusion-builder-column-1 fusion_builder_column_1_1 1_1 fusion-flex-column\" style=\"--awb-bg-size:cover;--awb-width-large:100%;--awb-margin-top-large:0px;--awb-spacing-right-large:1.92%;--awb-margin-bottom-large:20px;--awb-spacing-left-large:1.92%;--awb-width-medium:100%;--awb-order-medium:0;--awb-spacing-right-medium:1.92%;--awb-spacing-left-medium:1.92%;--awb-width-small:100%;--awb-order-small:0;--awb-spacing-right-small:1.92%;--awb-spacing-left-small:1.92%;\"><div class=\"fusion-column-wrapper fusion-column-has-shadow fusion-flex-justify-content-flex-start fusion-content-layout-column\"><div class=\"fusion-title title fusion-title-1 fusion-sep-none fusion-title-text fusion-title-size-one\" style=\"--awb-margin-top:20px;\"><h1 class=\"fusion-title-heading title-heading-left fusion-responsive-typography-calculated\" style=\"margin:0;--fontSize:56;line-height:var(--awb-typography1-line-height);\">Noise protection reports and more<span style=\"color: #da0812;\">.<\/span><\/h1><\/div><div class=\"fusion-title title fusion-title-2 fusion-sep-none fusion-title-text fusion-title-size-two\" style=\"--awb-margin-bottom:25px;\"><h2 class=\"fusion-title-heading title-heading-left fusion-responsive-typography-calculated\" style=\"margin:0;--fontSize:44;line-height:var(--awb-custom_typography_1-line-height);\">Documents for you to download<\/h2><\/div><div class=\"fusion-text fusion-text-1\"><p>We are delighted that you share our enthusiasm for ecological noise barriers and would like to find out more about our products. Please select the desired download by clicking on it. We will be happy to answer any further questions personally. Please give us a call.   <\/p>\n<h3>Bills of quantities for architects GAEB<\/h3>\n<p><a href=\"\/wp-content\/uploads\/Leistungsverzeichnis-RAU-Klimawand-GAEB-90.d81\" download=\"\"><i class=\"fas fa-file-download\" aria-hidden=\"true\"><\/i>  Specifications RAU Climate Change GAEB 90 (.d81) (30.7 KiB)<\/a><\/p>\n<p><a href=\"\/wp-content\/uploads\/Leistungsverzeichnis-RAU-Klimawand-GAEB-90.x81\" download=\"\"><i class=\"fas fa-file-download\" aria-hidden=\"true\"><\/i>  Specifications RAU Climate Change GAEB 90 (.x81) (30,7 KiB)<\/a><\/p>\n<p><a href=\"\/wp-content\/uploads\/Leistungsverzeichnis-RAU-Rock-GAEB-90.d81\" download=\"\"><i class=\"fas fa-file-download\" aria-hidden=\"true\"><\/i>  Specifications RAU Rock GAEB 90 (.d81) (25.9 KiB)<\/a><\/p>\n<h3>Service specifications as PDF<\/h3>\n<p><a href=\"\/wp-content\/uploads\/2026\/04\/Leistungsverzeichnis-Klimawand-R3-stand-08.04.2026.pdf\" download=\"\"><i class=\"fas fa-file-pdf\" aria-hidden=\"true\"><\/i>  Specifications RAU Climate Change (R3) (780,5 KiB)<\/a><\/p>\n<p><a href=\"\/wp-content\/uploads\/2026\/03\/Leistungsverzeichnis-RAU-Rock.pdf\" download=\"\"><i class=\"fas fa-file-pdf\" aria-hidden=\"true\"><\/i>  Specifications RAU Rock (861,6 KiB)<\/a><\/p>\n<h3>Price request template as PDF<\/h3>\n<p><a href=\"\/wp-content\/uploads\/2026\/03\/Preisanfrage-RAU-Klimawand-R3.pdf\" download=\"\"><i class=\"fas fa-file-pdf\" aria-hidden=\"true\"><\/i>  Price inquiry RAU Klimawand (R3) (469,8 KiB)<\/a><\/p>\n<p><a href=\"\/wp-content\/uploads\/2026\/03\/Preisanfrage-RAU-Rock.pdf\" download=\"\"><i class=\"fas fa-file-pdf\" aria-hidden=\"true\"><\/i>  Price inquiry RAU Rock (554,1 KiB)<\/a><\/p>\n<h3>Expert opinion<\/h3>\n<p><a href=\"\/wp-content\/uploads\/2026\/03\/Gutachten-RAU-Alpin.pdf\" download=\"\"><i class=\"fas fa-file-pdf\" aria-hidden=\"true\"><\/i>  Expert opinion RAU Alpin (1.1 MiB)<\/a><\/p>\n<p><a href=\"\/wp-content\/uploads\/2026\/03\/Gutachten-Rock-Extensiv.pdf\" download=\"\"><i class=\"fas fa-file-pdf\" aria-hidden=\"true\"><\/i>  Expert opinion Rock Extensive (456,5 KiB)<\/a><\/p>\n<p><a href=\"\/wp-content\/uploads\/2026\/03\/Gutachten-TU-Berlin.pdf\" download=\"\"><i class=\"fas fa-file-pdf\" aria-hidden=\"true\"><\/i>  Expert opinion TU-Berlin (1,7 MiB)<\/a><\/p>\n<p><a href=\"\/wp-content\/uploads\/2026\/03\/Naturschutzfachliches-Gutachten-LS-Wand-Fa.-Rau_LACON_220726-1.pdf\" download=\"\"><i class=\"fas fa-file-pdf\" aria-hidden=\"true\"><\/i>  Nature conservation expertise RAU LS-Wall | LACON 220726 (872.6 KiB)<\/a><\/p>\n<h3>Product cuts<\/h3>\n<p><a href=\"\/wp-content\/uploads\/2026\/03\/RAU-R3-Extensiv-Laermschutzwand.pdf\" download=\"\"><i class=\"fas fa-file-pdf\" aria-hidden=\"true\"><\/i>  RAU climate wall (R3) Extensive noise barrier (709,9 KiB)<\/a><\/p>\n<p><a href=\"\/wp-content\/uploads\/2026\/03\/RAU-Alpin-Laermschutzwand.pdf\" download=\"\"><i class=\"fas fa-file-pdf\" aria-hidden=\"true\"><\/i>  RAU Alpin noise barrier (670.7 KiB)<\/a><\/p>\n<p><a href=\"\/wp-content\/uploads\/2026\/03\/RAU-Rock-Extensiv-Laermschutzwand.pdf\" download=\"\"><i class=\"fas fa-file-pdf\" aria-hidden=\"true\"><\/i>  RAU Rock Extensiv noise barrier (1.7 MiB)<\/a><\/p>\n<p><a href=\"\/wp-content\/uploads\/2026\/03\/RAU-Photovoltaik-Laermschutzwand.pdf\" download=\"\"><i class=\"fas fa-file-pdf\" aria-hidden=\"true\"><\/i>  RAU Photovoltaic noise barrier (86,9 KiB)<\/a><\/p>\n<\/div><\/div><\/div><\/div><\/div><\/p>\n","protected":false},"excerpt":{"rendered":"","protected":false},"author":1,"featured_media":0,"parent":0,"menu_order":0,"comment_status":"closed","ping_status":"open","template":"","meta":{"_acf_changed":false,"footnotes":""},"seiten-kategorie":[47],"class_list":["post-5050","page","type-page","status-publish","hentry","seiten-kategorie-standard"],"acf":[],"yoast_head":"<!-- This site is optimized with the Yoast SEO plugin v27.1.1 - https:\/\/yoast.com\/product\/yoast-seo-wordpress\/ -->\n<title>Downloads - RAU.bayern - Begr\u00fcnte L\u00e4rmschutzw\u00e4nde<\/title>\n<meta name=\"robots\" content=\"index, follow, max-snippet:-1, max-image-preview:large, max-video-preview:-1\" \/>\n<link rel=\"canonical\" href=\"https:\/\/rau.bayern\/en\/downloads\/\" \/>\n<meta property=\"og:locale\" content=\"en_US\" \/>\n<meta property=\"og:type\" content=\"article\" \/>\n<meta property=\"og:title\" content=\"Downloads - RAU.bayern - Begr\u00fcnte L\u00e4rmschutzw\u00e4nde\" \/>\n<meta property=\"og:url\" content=\"https:\/\/rau.bayern\/en\/downloads\/\" \/>\n<meta property=\"og:site_name\" content=\"RAU.bayern - Begr\u00fcnte L\u00e4rmschutzw\u00e4nde\" \/>\n<meta property=\"article:modified_time\" content=\"2026-05-04T14:22:48+00:00\" \/>\n<meta name=\"twitter:card\" content=\"summary_large_image\" \/>\n<script type=\"application\/ld+json\" class=\"yoast-schema-graph\">{\"@context\":\"https:\/\/schema.org\",\"@graph\":[{\"@type\":\"WebPage\",\"@id\":\"https:\/\/rau.bayern\/en\/downloads\/\",\"url\":\"https:\/\/rau.bayern\/en\/downloads\/\",\"name\":\"Downloads - RAU.bayern - Begr\u00fcnte L\u00e4rmschutzw\u00e4nde\",\"isPartOf\":{\"@id\":\"https:\/\/rau.bayern\/en\/#website\"},\"datePublished\":\"2026-03-13T11:43:15+00:00\",\"dateModified\":\"2026-05-04T14:22:48+00:00\",\"breadcrumb\":{\"@id\":\"https:\/\/rau.bayern\/en\/downloads\/#breadcrumb\"},\"inLanguage\":\"en-US\",\"potentialAction\":[{\"@type\":\"ReadAction\",\"target\":[\"https:\/\/rau.bayern\/en\/downloads\/\"]}]},{\"@type\":\"BreadcrumbList\",\"@id\":\"https:\/\/rau.bayern\/en\/downloads\/#breadcrumb\",\"itemListElement\":[{\"@type\":\"ListItem\",\"position\":1,\"name\":\"Start\",\"item\":\"https:\/\/rau.bayern\/en\/\"},{\"@type\":\"ListItem\",\"position\":2,\"name\":\"Downloads\"}]},{\"@type\":\"WebSite\",\"@id\":\"https:\/\/rau.bayern\/en\/#website\",\"url\":\"https:\/\/rau.bayern\/en\/\",\"name\":\"RAU.bayern - Begr\u00fcnte L\u00e4rmschutzw\u00e4nde in Bayern\",\"description\":\"\",\"potentialAction\":[{\"@type\":\"SearchAction\",\"target\":{\"@type\":\"EntryPoint\",\"urlTemplate\":\"https:\/\/rau.bayern\/en\/?s={search_term_string}\"},\"query-input\":{\"@type\":\"PropertyValueSpecification\",\"valueRequired\":true,\"valueName\":\"search_term_string\"}}],\"inLanguage\":\"en-US\"}]}<\/script>\n<!-- \/ Yoast SEO plugin. -->","yoast_head_json":{"title":"Downloads - RAU.bayern - Begr\u00fcnte L\u00e4rmschutzw\u00e4nde","robots":{"index":"index","follow":"follow","max-snippet":"max-snippet:-1","max-image-preview":"max-image-preview:large","max-video-preview":"max-video-preview:-1"},"canonical":"https:\/\/rau.bayern\/en\/downloads\/","og_locale":"en_US","og_type":"article","og_title":"Downloads - RAU.bayern - Begr\u00fcnte L\u00e4rmschutzw\u00e4nde","og_url":"https:\/\/rau.bayern\/en\/downloads\/","og_site_name":"RAU.bayern - Begr\u00fcnte L\u00e4rmschutzw\u00e4nde","article_modified_time":"2026-05-04T14:22:48+00:00","twitter_card":"summary_large_image","schema":{"@context":"https:\/\/schema.org","@graph":[{"@type":"WebPage","@id":"https:\/\/rau.bayern\/en\/downloads\/","url":"https:\/\/rau.bayern\/en\/downloads\/","name":"Downloads - RAU.bayern - Begr\u00fcnte L\u00e4rmschutzw\u00e4nde","isPartOf":{"@id":"https:\/\/rau.bayern\/en\/#website"},"datePublished":"2026-03-13T11:43:15+00:00","dateModified":"2026-05-04T14:22:48+00:00","breadcrumb":{"@id":"https:\/\/rau.bayern\/en\/downloads\/#breadcrumb"},"inLanguage":"en-US","potentialAction":[{"@type":"ReadAction","target":["https:\/\/rau.bayern\/en\/downloads\/"]}]},{"@type":"BreadcrumbList","@id":"https:\/\/rau.bayern\/en\/downloads\/#breadcrumb","itemListElement":[{"@type":"ListItem","position":1,"name":"Start","item":"https:\/\/rau.bayern\/en\/"},{"@type":"ListItem","position":2,"name":"Downloads"}]},{"@type":"WebSite","@id":"https:\/\/rau.bayern\/en\/#website","url":"https:\/\/rau.bayern\/en\/","name":"RAU.bayern - Begr\u00fcnte L\u00e4rmschutzw\u00e4nde in Bayern","description":"","potentialAction":[{"@type":"SearchAction","target":{"@type":"EntryPoint","urlTemplate":"https:\/\/rau.bayern\/en\/?s={search_term_string}"},"query-input":{"@type":"PropertyValueSpecification","valueRequired":true,"valueName":"search_term_string"}}],"inLanguage":"en-US"}]}},"_links":{"self":[{"href":"https:\/\/rau.bayern\/en\/wp-json\/wp\/v2\/pages\/5050","targetHints":{"allow":["GET"]}}],"collection":[{"href":"https:\/\/rau.bayern\/en\/wp-json\/wp\/v2\/pages"}],"about":[{"href":"https:\/\/rau.bayern\/en\/wp-json\/wp\/v2\/types\/page"}],"author":[{"embeddable":true,"href":"https:\/\/rau.bayern\/en\/wp-json\/wp\/v2\/users\/1"}],"replies":[{"embeddable":true,"href":"https:\/\/rau.bayern\/en\/wp-json\/wp\/v2\/comments?post=5050"}],"version-history":[{"count":23,"href":"https:\/\/rau.bayern\/en\/wp-json\/wp\/v2\/pages\/5050\/revisions"}],"predecessor-version":[{"id":7729,"href":"https:\/\/rau.bayern\/en\/wp-json\/wp\/v2\/pages\/5050\/revisions\/7729"}],"wp:attachment":[{"href":"https:\/\/rau.bayern\/en\/wp-json\/wp\/v2\/media?parent=5050"}],"wp:term":[{"taxonomy":"seiten-kategorie","embeddable":true,"href":"https:\/\/rau.bayern\/en\/wp-json\/wp\/v2\/seiten-kategorie?post=5050"}],"curies":[{"name":"wp","href":"https:\/\/api.w.org\/{rel}","templated":true}]}}