{"id":5032,"date":"2022-10-10T17:26:38","date_gmt":"2022-10-10T15:26:38","guid":{"rendered":"https:\/\/rau.bayern\/thank-you-for-your-request\/"},"modified":"2026-03-25T14:01:07","modified_gmt":"2026-03-25T13:01:07","slug":"thank-you-for-your-request","status":"publish","type":"page","link":"https:\/\/rau.bayern\/en\/thank-you-for-your-request\/","title":{"rendered":"Thank you for your request"},"content":{"rendered":"<div class=\"fusion-fullwidth fullwidth-box fusion-builder-row-1 fusion-flex-container has-pattern-background has-mask-background nonhundred-percent-fullwidth non-hundred-percent-height-scrolling\" style=\"--awb-border-radius-top-left:0px;--awb-border-radius-top-right:0px;--awb-border-radius-bottom-right:0px;--awb-border-radius-bottom-left:0px;--awb-padding-top:80px;--awb-padding-bottom:80px;--awb-padding-top-medium:60px;--awb-padding-bottom-medium:60px;--awb-padding-top-small:40px;--awb-padding-bottom-small:40px;--awb-flex-wrap:wrap;\" ><div class=\"fusion-builder-row fusion-row fusion-flex-align-items-flex-start fusion-flex-justify-content-center fusion-flex-content-wrap\" style=\"max-width:1372.8px;margin-left: calc(-4% \/ 2 );margin-right: calc(-4% \/ 2 );\"><div class=\"fusion-layout-column fusion_builder_column fusion-builder-column-0 fusion_builder_column_1_1 1_1 fusion-flex-column\" style=\"--awb-bg-size:cover;--awb-width-large:100%;--awb-margin-top-large:0px;--awb-spacing-right-large:1.92%;--awb-margin-bottom-large:20px;--awb-spacing-left-large:1.92%;--awb-width-medium:100%;--awb-order-medium:0;--awb-spacing-right-medium:1.92%;--awb-spacing-left-medium:1.92%;--awb-width-small:100%;--awb-order-small:0;--awb-spacing-right-small:1.92%;--awb-spacing-left-small:1.92%;\"><div class=\"fusion-column-wrapper fusion-column-has-shadow fusion-flex-justify-content-flex-start fusion-content-layout-column\"><div class=\"fusion-title title fusion-title-1 fusion-sep-none fusion-title-center fusion-title-text fusion-title-size-one\" style=\"--awb-margin-bottom:40px;--awb-margin-bottom-small:30px;--awb-margin-bottom-medium:30px;--awb-font-size:var(--awb-custom_typography_1-font-size);\"><h1 class=\"fusion-title-heading title-heading-center fusion-responsive-typography-calculated\" style=\"font-family:var(--awb-custom_typography_1-font-family);font-weight:var(--awb-custom_typography_1-font-weight);font-style:var(--awb-custom_typography_1-font-style);margin:0;letter-spacing:var(--awb-custom_typography_1-letter-spacing);text-transform:var(--awb-custom_typography_1-text-transform);font-size:1em;--fontSize:44;line-height:var(--awb-custom_typography_1-line-height);\"><p>Thank you for your request.<\/p>\n<p>We will process it as quickly as possible and get back to you shortly.<\/p><\/h1><\/div><\/div><\/div><\/div><\/div>\n","protected":false},"excerpt":{"rendered":"","protected":false},"author":1,"featured_media":0,"parent":0,"menu_order":0,"comment_status":"closed","ping_status":"closed","template":"100-width.php","meta":{"_acf_changed":false,"footnotes":""},"seiten-kategorie":[47],"class_list":["post-5032","page","type-page","status-publish","hentry","seiten-kategorie-standard"],"acf":[],"yoast_head":"<!-- This site is optimized with the Yoast SEO plugin v27.1.1 - https:\/\/yoast.com\/product\/yoast-seo-wordpress\/ -->\n<title>Thank you for your request - RAU.bayern - Begr\u00fcnte L\u00e4rmschutzw\u00e4nde<\/title>\n<meta name=\"robots\" content=\"index, follow, max-snippet:-1, max-image-preview:large, max-video-preview:-1\" \/>\n<link rel=\"canonical\" href=\"https:\/\/rau.bayern\/en\/thank-you-for-your-request\/\" \/>\n<meta property=\"og:locale\" content=\"en_US\" \/>\n<meta property=\"og:type\" content=\"article\" \/>\n<meta property=\"og:title\" content=\"Thank you for your request - RAU.bayern - Begr\u00fcnte L\u00e4rmschutzw\u00e4nde\" \/>\n<meta property=\"og:url\" content=\"https:\/\/rau.bayern\/en\/thank-you-for-your-request\/\" \/>\n<meta property=\"og:site_name\" content=\"RAU.bayern - Begr\u00fcnte L\u00e4rmschutzw\u00e4nde\" \/>\n<meta property=\"article:modified_time\" content=\"2026-03-25T13:01:07+00:00\" \/>\n<meta name=\"twitter:card\" content=\"summary_large_image\" \/>\n<script type=\"application\/ld+json\" class=\"yoast-schema-graph\">{\"@context\":\"https:\/\/schema.org\",\"@graph\":[{\"@type\":\"WebPage\",\"@id\":\"https:\/\/rau.bayern\/en\/thank-you-for-your-request\/\",\"url\":\"https:\/\/rau.bayern\/en\/thank-you-for-your-request\/\",\"name\":\"Thank you for your request - RAU.bayern - Begr\u00fcnte L\u00e4rmschutzw\u00e4nde\",\"isPartOf\":{\"@id\":\"https:\/\/rau.bayern\/en\/#website\"},\"datePublished\":\"2022-10-10T15:26:38+00:00\",\"dateModified\":\"2026-03-25T13:01:07+00:00\",\"breadcrumb\":{\"@id\":\"https:\/\/rau.bayern\/en\/thank-you-for-your-request\/#breadcrumb\"},\"inLanguage\":\"en-US\",\"potentialAction\":[{\"@type\":\"ReadAction\",\"target\":[\"https:\/\/rau.bayern\/en\/thank-you-for-your-request\/\"]}]},{\"@type\":\"BreadcrumbList\",\"@id\":\"https:\/\/rau.bayern\/en\/thank-you-for-your-request\/#breadcrumb\",\"itemListElement\":[{\"@type\":\"ListItem\",\"position\":1,\"name\":\"Start\",\"item\":\"https:\/\/rau.bayern\/en\/\"},{\"@type\":\"ListItem\",\"position\":2,\"name\":\"Thank you for your request\"}]},{\"@type\":\"WebSite\",\"@id\":\"https:\/\/rau.bayern\/en\/#website\",\"url\":\"https:\/\/rau.bayern\/en\/\",\"name\":\"RAU.bayern - Begr\u00fcnte L\u00e4rmschutzw\u00e4nde in Bayern\",\"description\":\"\",\"potentialAction\":[{\"@type\":\"SearchAction\",\"target\":{\"@type\":\"EntryPoint\",\"urlTemplate\":\"https:\/\/rau.bayern\/en\/?s={search_term_string}\"},\"query-input\":{\"@type\":\"PropertyValueSpecification\",\"valueRequired\":true,\"valueName\":\"search_term_string\"}}],\"inLanguage\":\"en-US\"}]}<\/script>\n<!-- \/ Yoast SEO plugin. -->","yoast_head_json":{"title":"Thank you for your request - RAU.bayern - Begr\u00fcnte L\u00e4rmschutzw\u00e4nde","robots":{"index":"index","follow":"follow","max-snippet":"max-snippet:-1","max-image-preview":"max-image-preview:large","max-video-preview":"max-video-preview:-1"},"canonical":"https:\/\/rau.bayern\/en\/thank-you-for-your-request\/","og_locale":"en_US","og_type":"article","og_title":"Thank you for your request - RAU.bayern - Begr\u00fcnte L\u00e4rmschutzw\u00e4nde","og_url":"https:\/\/rau.bayern\/en\/thank-you-for-your-request\/","og_site_name":"RAU.bayern - Begr\u00fcnte L\u00e4rmschutzw\u00e4nde","article_modified_time":"2026-03-25T13:01:07+00:00","twitter_card":"summary_large_image","schema":{"@context":"https:\/\/schema.org","@graph":[{"@type":"WebPage","@id":"https:\/\/rau.bayern\/en\/thank-you-for-your-request\/","url":"https:\/\/rau.bayern\/en\/thank-you-for-your-request\/","name":"Thank you for your request - RAU.bayern - Begr\u00fcnte L\u00e4rmschutzw\u00e4nde","isPartOf":{"@id":"https:\/\/rau.bayern\/en\/#website"},"datePublished":"2022-10-10T15:26:38+00:00","dateModified":"2026-03-25T13:01:07+00:00","breadcrumb":{"@id":"https:\/\/rau.bayern\/en\/thank-you-for-your-request\/#breadcrumb"},"inLanguage":"en-US","potentialAction":[{"@type":"ReadAction","target":["https:\/\/rau.bayern\/en\/thank-you-for-your-request\/"]}]},{"@type":"BreadcrumbList","@id":"https:\/\/rau.bayern\/en\/thank-you-for-your-request\/#breadcrumb","itemListElement":[{"@type":"ListItem","position":1,"name":"Start","item":"https:\/\/rau.bayern\/en\/"},{"@type":"ListItem","position":2,"name":"Thank you for your request"}]},{"@type":"WebSite","@id":"https:\/\/rau.bayern\/en\/#website","url":"https:\/\/rau.bayern\/en\/","name":"RAU.bayern - Begr\u00fcnte L\u00e4rmschutzw\u00e4nde in Bayern","description":"","potentialAction":[{"@type":"SearchAction","target":{"@type":"EntryPoint","urlTemplate":"https:\/\/rau.bayern\/en\/?s={search_term_string}"},"query-input":{"@type":"PropertyValueSpecification","valueRequired":true,"valueName":"search_term_string"}}],"inLanguage":"en-US"}]}},"_links":{"self":[{"href":"https:\/\/rau.bayern\/en\/wp-json\/wp\/v2\/pages\/5032","targetHints":{"allow":["GET"]}}],"collection":[{"href":"https:\/\/rau.bayern\/en\/wp-json\/wp\/v2\/pages"}],"about":[{"href":"https:\/\/rau.bayern\/en\/wp-json\/wp\/v2\/types\/page"}],"author":[{"embeddable":true,"href":"https:\/\/rau.bayern\/en\/wp-json\/wp\/v2\/users\/1"}],"replies":[{"embeddable":true,"href":"https:\/\/rau.bayern\/en\/wp-json\/wp\/v2\/comments?post=5032"}],"version-history":[{"count":5,"href":"https:\/\/rau.bayern\/en\/wp-json\/wp\/v2\/pages\/5032\/revisions"}],"predecessor-version":[{"id":7311,"href":"https:\/\/rau.bayern\/en\/wp-json\/wp\/v2\/pages\/5032\/revisions\/7311"}],"wp:attachment":[{"href":"https:\/\/rau.bayern\/en\/wp-json\/wp\/v2\/media?parent=5032"}],"wp:term":[{"taxonomy":"seiten-kategorie","embeddable":true,"href":"https:\/\/rau.bayern\/en\/wp-json\/wp\/v2\/seiten-kategorie?post=5032"}],"curies":[{"name":"wp","href":"https:\/\/api.w.org\/{rel}","templated":true}]}}